{"id":7340,"date":"2023-06-22T09:37:26","date_gmt":"2023-06-22T14:37:26","guid":{"rendered":"http:\/\/www.bissnetcorp.com\/?page_id=7340"},"modified":"2023-06-22T14:46:40","modified_gmt":"2023-06-22T19:46:40","slug":"noticias-bissnetcorp-2023","status":"publish","type":"page","link":"https:\/\/www.bissnetcorp.com\/en\/noticias-bissnetcorp-2023\/","title":{"rendered":"Noticias bissnetcorp 2023"},"content":{"rendered":"<div data-elementor-type=\"wp-page\" data-elementor-id=\"7340\" class=\"elementor elementor-7340\" data-elementor-settings=\"[]\">\n\t\t\t\t\t\t<div class=\"elementor-inner\">\n\t\t\t\t\t\t\t<div class=\"elementor-section-wrap\">\n\t\t\t\t\t\t\t<section class=\"elementor-section elementor-top-section elementor-element elementor-element-66bc3dea envato-kit-141-top-0 elementor-section-boxed elementor-section-height-default elementor-section-height-default\" data-id=\"66bc3dea\" data-element_type=\"section\" data-settings=\"{&quot;background_background&quot;:&quot;classic&quot;}\">\n\t\t\t\t\t\t\t<div class=\"elementor-background-overlay\"><\/div>\n\t\t\t\t\t\t\t<div class=\"elementor-container elementor-column-gap-wider\">\n\t\t\t\t\t\t\t<div class=\"elementor-row\">\n\t\t\t\t\t<div class=\"elementor-column elementor-col-100 elementor-top-column elementor-element elementor-element-7fdf410a\" data-id=\"7fdf410a\" data-element_type=\"column\">\n\t\t\t<div class=\"elementor-column-wrap elementor-element-populated\">\n\t\t\t\t\t\t\t<div class=\"elementor-widget-wrap\">\n\t\t\t\t\t\t<div class=\"elementor-element elementor-element-13019623 elementor-posts__hover-none elementor-grid-3 elementor-grid-tablet-2 elementor-grid-mobile-1 elementor-posts--thumbnail-top elementor-posts--show-avatar elementor-card-shadow-yes elementor-widget elementor-widget-posts\" data-id=\"13019623\" data-element_type=\"widget\" data-settings=\"{&quot;cards_row_gap&quot;:{&quot;unit&quot;:&quot;px&quot;,&quot;size&quot;:31,&quot;sizes&quot;:[]},&quot;cards_columns&quot;:&quot;3&quot;,&quot;cards_columns_tablet&quot;:&quot;2&quot;,&quot;cards_columns_mobile&quot;:&quot;1&quot;}\" data-widget_type=\"posts.cards\">\n\t\t\t\t<div class=\"elementor-widget-container\">\n\t\t\t\t\t<div class=\"elementor-posts-container elementor-posts elementor-posts--skin-cards elementor-grid\">\n\t\t\t\t<article class=\"elementor-post elementor-grid-item post-8627 post type-post status-publish format-standard has-post-thumbnail hentry category-noticias\">\n\t\t\t<div class=\"elementor-post__card\">\n\t\t\t\t<a class=\"elementor-post__thumbnail__link\" href=\"https:\/\/www.bissnetcorp.com\/en\/que-es-el-autoservicio-y-como-potencia-la-experiencia-del-cliente\/\" >\n\t\t\t<div class=\"elementor-post__thumbnail\"><img width=\"768\" height=\"842\" src=\"https:\/\/www.bissnetcorp.com\/wp-content\/uploads\/2025\/02\/autoservicio-1-768x842.png\" class=\"attachment-medium_large size-medium_large\" alt=\"\" loading=\"lazy\" srcset=\"https:\/\/www.bissnetcorp.com\/wp-content\/uploads\/2025\/02\/autoservicio-1-768x842.png 768w, https:\/\/www.bissnetcorp.com\/wp-content\/uploads\/2025\/02\/autoservicio-1-274x300.png 274w, https:\/\/www.bissnetcorp.com\/wp-content\/uploads\/2025\/02\/autoservicio-1-934x1024.png 934w, https:\/\/www.bissnetcorp.com\/wp-content\/uploads\/2025\/02\/autoservicio-1-1401x1536.png 1401w, https:\/\/www.bissnetcorp.com\/wp-content\/uploads\/2025\/02\/autoservicio-1-11x12.png 11w, https:\/\/www.bissnetcorp.com\/wp-content\/uploads\/2025\/02\/autoservicio-1.png 1739w\" sizes=\"(max-width: 768px) 100vw, 768px\" \/><\/div>\n\t\t<\/a>\n\t\t\t\t<div class=\"elementor-post__badge\">News<\/div>\n\t\t\t\t<div class=\"elementor-post__avatar\">\n\t\t\t<img alt='Angie Vilchez' src='https:\/\/secure.gravatar.com\/avatar\/4a4a7fc94555df2cea742324de64b44b?s=128&#038;d=mm&#038;r=g' srcset='https:\/\/secure.gravatar.com\/avatar\/4a4a7fc94555df2cea742324de64b44b?s=256&#038;d=mm&#038;r=g 2x' class='avatar avatar-128 photo' height='128' width='128' loading='lazy'\/>\t\t<\/div>\n\t\t\t\t<div class=\"elementor-post__text\">\n\t\t\t\t<h3 class=\"elementor-post__title\">\n\t\t\t<a href=\"https:\/\/www.bissnetcorp.com\/en\/que-es-el-autoservicio-y-como-potencia-la-experiencia-del-cliente\/\" >\n\t\t\t\tQu\u00e9 es el Autoservicio y c\u00f3mo potencia la experiencia del cliente\t\t\t<\/a>\n\t\t<\/h3>\n\t\t\t\t<div class=\"elementor-post__excerpt\">\n\t\t\t<p>El autoservicio es un modelo de atenci\u00f3n al cliente en el que los usuarios tienen la capacidad de acceder, gestionar y resolver sus necesidades de<\/p>\n\t\t<\/div>\n\t\t\t\t\t<a class=\"elementor-post__read-more\" href=\"https:\/\/www.bissnetcorp.com\/en\/que-es-el-autoservicio-y-como-potencia-la-experiencia-del-cliente\/\" >\n\t\t\t\tLeer m\u00e1s \u00bb\t\t\t<\/a>\n\t\t\t\t<\/div>\n\t\t\t\t\t<\/div>\n\t\t<\/article>\n\t\t\t\t<article class=\"elementor-post elementor-grid-item post-8616 post type-post status-publish format-standard has-post-thumbnail hentry category-noticias\">\n\t\t\t<div class=\"elementor-post__card\">\n\t\t\t\t<a class=\"elementor-post__thumbnail__link\" href=\"https:\/\/www.bissnetcorp.com\/en\/inteligencia-artificial-generativa-anfitriones-virtuales\/\" >\n\t\t\t<div class=\"elementor-post__thumbnail\"><img width=\"768\" height=\"629\" src=\"https:\/\/www.bissnetcorp.com\/wp-content\/uploads\/2025\/02\/POST2024_NOV_3-e1738970562878-768x629.png\" class=\"attachment-medium_large size-medium_large\" alt=\"\" loading=\"lazy\" srcset=\"https:\/\/www.bissnetcorp.com\/wp-content\/uploads\/2025\/02\/POST2024_NOV_3-e1738970562878-768x629.png 768w, https:\/\/www.bissnetcorp.com\/wp-content\/uploads\/2025\/02\/POST2024_NOV_3-e1738970562878-300x246.png 300w, https:\/\/www.bissnetcorp.com\/wp-content\/uploads\/2025\/02\/POST2024_NOV_3-e1738970562878-1024x838.png 1024w, https:\/\/www.bissnetcorp.com\/wp-content\/uploads\/2025\/02\/POST2024_NOV_3-e1738970562878-15x12.png 15w, https:\/\/www.bissnetcorp.com\/wp-content\/uploads\/2025\/02\/POST2024_NOV_3-e1738970562878.png 1080w\" sizes=\"(max-width: 768px) 100vw, 768px\" \/><\/div>\n\t\t<\/a>\n\t\t\t\t<div class=\"elementor-post__badge\">News<\/div>\n\t\t\t\t<div class=\"elementor-post__avatar\">\n\t\t\t<img alt='Angie Vilchez' src='https:\/\/secure.gravatar.com\/avatar\/4a4a7fc94555df2cea742324de64b44b?s=128&#038;d=mm&#038;r=g' srcset='https:\/\/secure.gravatar.com\/avatar\/4a4a7fc94555df2cea742324de64b44b?s=256&#038;d=mm&#038;r=g 2x' class='avatar avatar-128 photo' height='128' width='128' loading='lazy'\/>\t\t<\/div>\n\t\t\t\t<div class=\"elementor-post__text\">\n\t\t\t\t<h3 class=\"elementor-post__title\">\n\t\t\t<a href=\"https:\/\/www.bissnetcorp.com\/en\/inteligencia-artificial-generativa-anfitriones-virtuales\/\" >\n\t\t\t\tInteligencia Artificial Generativa \u2013 Anfitriones Virtuales\t\t\t<\/a>\n\t\t<\/h3>\n\t\t\t\t<div class=\"elementor-post__excerpt\">\n\t\t\t<p>La&nbsp;Inteligencia Artificial Generativa (IAG)&nbsp;es un subcampo de la inteligencia artificial que se enfoca en la creaci\u00f3n de contenido nuevo y original, como texto, im\u00e1genes, m\u00fasica,<\/p>\n\t\t<\/div>\n\t\t\t\t\t<a class=\"elementor-post__read-more\" href=\"https:\/\/www.bissnetcorp.com\/en\/inteligencia-artificial-generativa-anfitriones-virtuales\/\" >\n\t\t\t\tLeer m\u00e1s \u00bb\t\t\t<\/a>\n\t\t\t\t<\/div>\n\t\t\t\t\t<\/div>\n\t\t<\/article>\n\t\t\t\t<article class=\"elementor-post elementor-grid-item post-8534 post type-post status-publish format-standard has-post-thumbnail hentry category-noticias\">\n\t\t\t<div class=\"elementor-post__card\">\n\t\t\t\t<a class=\"elementor-post__thumbnail__link\" href=\"https:\/\/www.bissnetcorp.com\/en\/como-reducir-el-tiempo-de-espera-en-las-instituciones\/\" >\n\t\t\t<div class=\"elementor-post__thumbnail\"><img width=\"768\" height=\"768\" src=\"https:\/\/www.bissnetcorp.com\/wp-content\/uploads\/2024\/11\/POST-FB-BISSNETCORP4-768x768.png\" class=\"attachment-medium_large size-medium_large\" alt=\"\" loading=\"lazy\" srcset=\"https:\/\/www.bissnetcorp.com\/wp-content\/uploads\/2024\/11\/POST-FB-BISSNETCORP4-768x768.png 768w, https:\/\/www.bissnetcorp.com\/wp-content\/uploads\/2024\/11\/POST-FB-BISSNETCORP4-300x300.png 300w, https:\/\/www.bissnetcorp.com\/wp-content\/uploads\/2024\/11\/POST-FB-BISSNETCORP4-1024x1024.png 1024w, https:\/\/www.bissnetcorp.com\/wp-content\/uploads\/2024\/11\/POST-FB-BISSNETCORP4-150x150.png 150w, https:\/\/www.bissnetcorp.com\/wp-content\/uploads\/2024\/11\/POST-FB-BISSNETCORP4-12x12.png 12w, https:\/\/www.bissnetcorp.com\/wp-content\/uploads\/2024\/11\/POST-FB-BISSNETCORP4.png 1200w\" sizes=\"(max-width: 768px) 100vw, 768px\" \/><\/div>\n\t\t<\/a>\n\t\t\t\t<div class=\"elementor-post__badge\">News<\/div>\n\t\t\t\t<div class=\"elementor-post__avatar\">\n\t\t\t<img alt='Angie Vilchez' src='https:\/\/secure.gravatar.com\/avatar\/4a4a7fc94555df2cea742324de64b44b?s=128&#038;d=mm&#038;r=g' srcset='https:\/\/secure.gravatar.com\/avatar\/4a4a7fc94555df2cea742324de64b44b?s=256&#038;d=mm&#038;r=g 2x' class='avatar avatar-128 photo' height='128' width='128' loading='lazy'\/>\t\t<\/div>\n\t\t\t\t<div class=\"elementor-post__text\">\n\t\t\t\t<h3 class=\"elementor-post__title\">\n\t\t\t<a href=\"https:\/\/www.bissnetcorp.com\/en\/como-reducir-el-tiempo-de-espera-en-las-instituciones\/\" >\n\t\t\t\t\u00bfC\u00f3mo reducir el tiempo de espera en las Instituciones?\t\t\t<\/a>\n\t\t<\/h3>\n\t\t\t\t<div class=\"elementor-post__excerpt\">\n\t\t\t<p>Si te est\u00e1s preguntando&nbsp;c\u00f3mo reducir el tiempo de espera tenemos una serie de herramientas y Tips que te ayudar\u00e1n a mejorar la experiencia de usuario.<\/p>\n\t\t<\/div>\n\t\t\t\t\t<a class=\"elementor-post__read-more\" href=\"https:\/\/www.bissnetcorp.com\/en\/como-reducir-el-tiempo-de-espera-en-las-instituciones\/\" >\n\t\t\t\tLeer m\u00e1s \u00bb\t\t\t<\/a>\n\t\t\t\t<\/div>\n\t\t\t\t\t<\/div>\n\t\t<\/article>\n\t\t\t\t<article class=\"elementor-post elementor-grid-item post-8526 post type-post status-publish format-standard has-post-thumbnail hentry category-noticias\">\n\t\t\t<div class=\"elementor-post__card\">\n\t\t\t\t<a class=\"elementor-post__thumbnail__link\" href=\"https:\/\/www.bissnetcorp.com\/en\/por-que-utilizar-un-asistente-virtual-con-ia-en-whatsapp\/\" >\n\t\t\t<div class=\"elementor-post__thumbnail\"><img width=\"768\" height=\"768\" src=\"https:\/\/www.bissnetcorp.com\/wp-content\/uploads\/2024\/08\/AI-Chatbot3-768x768.png\" class=\"attachment-medium_large size-medium_large\" alt=\"\" loading=\"lazy\" srcset=\"https:\/\/www.bissnetcorp.com\/wp-content\/uploads\/2024\/08\/AI-Chatbot3-768x768.png 768w, https:\/\/www.bissnetcorp.com\/wp-content\/uploads\/2024\/08\/AI-Chatbot3-300x300.png 300w, https:\/\/www.bissnetcorp.com\/wp-content\/uploads\/2024\/08\/AI-Chatbot3-1024x1024.png 1024w, https:\/\/www.bissnetcorp.com\/wp-content\/uploads\/2024\/08\/AI-Chatbot3-150x150.png 150w, https:\/\/www.bissnetcorp.com\/wp-content\/uploads\/2024\/08\/AI-Chatbot3-12x12.png 12w, https:\/\/www.bissnetcorp.com\/wp-content\/uploads\/2024\/08\/AI-Chatbot3.png 1200w\" sizes=\"(max-width: 768px) 100vw, 768px\" \/><\/div>\n\t\t<\/a>\n\t\t\t\t<div class=\"elementor-post__badge\">News<\/div>\n\t\t\t\t<div class=\"elementor-post__avatar\">\n\t\t\t<img alt='Angie Vilchez' src='https:\/\/secure.gravatar.com\/avatar\/4a4a7fc94555df2cea742324de64b44b?s=128&#038;d=mm&#038;r=g' srcset='https:\/\/secure.gravatar.com\/avatar\/4a4a7fc94555df2cea742324de64b44b?s=256&#038;d=mm&#038;r=g 2x' class='avatar avatar-128 photo' height='128' width='128' loading='lazy'\/>\t\t<\/div>\n\t\t\t\t<div class=\"elementor-post__text\">\n\t\t\t\t<h3 class=\"elementor-post__title\">\n\t\t\t<a href=\"https:\/\/www.bissnetcorp.com\/en\/por-que-utilizar-un-asistente-virtual-con-ia-en-whatsapp\/\" >\n\t\t\t\t\u00bfPor qu\u00e9 utilizar un Asistente Virtual con IA en WhatsApp?\t\t\t<\/a>\n\t\t<\/h3>\n\t\t\t\t<div class=\"elementor-post__excerpt\">\n\t\t\t<p>Utilizar un Asistente Virtual con IA en WhatsApp es el futuro del servicio al cliente, puede mejorar significativamente la interacci\u00f3n con los usuarios al proporcionar<\/p>\n\t\t<\/div>\n\t\t\t\t\t<a class=\"elementor-post__read-more\" href=\"https:\/\/www.bissnetcorp.com\/en\/por-que-utilizar-un-asistente-virtual-con-ia-en-whatsapp\/\" >\n\t\t\t\tLeer m\u00e1s \u00bb\t\t\t<\/a>\n\t\t\t\t<\/div>\n\t\t\t\t\t<\/div>\n\t\t<\/article>\n\t\t\t\t<\/div>\n\n\n\t\t\n\t\t\t\t<\/div>\n\t\t\t\t<\/div>\n\t\t\t\t\t\t<\/div>\n\t\t\t\t\t<\/div>\n\t\t<\/div>\n\t\t\t\t\t\t\t\t<\/div>\n\t\t\t\t\t<\/div>\n\t\t<\/section>\n\t\t\t\t\t\t<\/div>\n\t\t\t\t\t\t<\/div>\n\t\t\t\t\t<\/div>","protected":false},"excerpt":{"rendered":"","protected":false},"author":3,"featured_media":0,"parent":0,"menu_order":0,"comment_status":"closed","ping_status":"closed","template":"","meta":[],"_links":{"self":[{"href":"https:\/\/www.bissnetcorp.com\/en\/wp-json\/wp\/v2\/pages\/7340"}],"collection":[{"href":"https:\/\/www.bissnetcorp.com\/en\/wp-json\/wp\/v2\/pages"}],"about":[{"href":"https:\/\/www.bissnetcorp.com\/en\/wp-json\/wp\/v2\/types\/page"}],"author":[{"embeddable":true,"href":"https:\/\/www.bissnetcorp.com\/en\/wp-json\/wp\/v2\/users\/3"}],"replies":[{"embeddable":true,"href":"https:\/\/www.bissnetcorp.com\/en\/wp-json\/wp\/v2\/comments?post=7340"}],"version-history":[{"count":13,"href":"https:\/\/www.bissnetcorp.com\/en\/wp-json\/wp\/v2\/pages\/7340\/revisions"}],"predecessor-version":[{"id":7424,"href":"https:\/\/www.bissnetcorp.com\/en\/wp-json\/wp\/v2\/pages\/7340\/revisions\/7424"}],"wp:attachment":[{"href":"https:\/\/www.bissnetcorp.com\/en\/wp-json\/wp\/v2\/media?parent=7340"}],"curies":[{"name":"wp","href":"https:\/\/api.w.org\/{rel}","templated":true}]}}