{"id":102,"date":"2018-08-02T17:08:05","date_gmt":"2018-08-02T22:08:05","guid":{"rendered":"http:\/\/interbissnet.com\/landing\/?page_id=102"},"modified":"2019-09-18T17:16:59","modified_gmt":"2019-09-18T22:16:59","slug":"checksmart-old","status":"publish","type":"page","link":"https:\/\/www.bissnetcorp.com\/en\/checksmart-old\/","title":{"rendered":"checksmart-old"},"content":{"rendered":"<p><img loading=\"lazy\" class=\"alignnone size-full wp-image-87\" src=\"http:\/\/interbissnet.comwp-content\/uploads\/2018\/08\/check-logo.jpg\" alt=\"\" width=\"200\" height=\"66\" \/><img class=\"aligncenter\" src=\"http:\/\/interbissnet.com\/imagenes\/sliders\/Checksmart\/check1.jpg\" \/><\/p>\n<p class=\"Estilo3\" align=\"left\"><strong>SISTEMA DE CONTROL DE ASISTENCIA<\/strong><\/p>\n<p style=\"text-align: justify;\"><img loading=\"lazy\" class=\"alignleft wp-image-353 size-medium\" src=\"http:\/\/interbissnet.com\/wp-content\/uploads\/2018\/08\/pexels-photo-404972-300x220.jpeg\" alt=\"\" width=\"300\" height=\"220\" srcset=\"https:\/\/www.bissnetcorp.com\/wp-content\/uploads\/2018\/08\/pexels-photo-404972-300x220.jpeg 300w, https:\/\/www.bissnetcorp.com\/wp-content\/uploads\/2018\/08\/pexels-photo-404972.jpeg 640w\" sizes=\"(max-width: 300px) 100vw, 300px\" \/>Actualmente las empresas requieren de herramientas eficientes para el Control de Asistencias de su personal, permiti\u00e9ndoles emplear m\u00e1s el tiempo para la toma de decisiones sobre su personal.<\/p>\n<p style=\"text-align: justify;\">Quiz\u00e1 su negocio est\u00e9 pagando diariamente el precio de no contar con un buen control de asistencia y puntualidad: planillas infladas, empleados que desatienden a los clientes por llegar tarde o no asistir, personas que ni siquiera cumplen con su cuota m\u00ednima de tiempo de trabajo, horas y horas perdidas calculando tiempos para el pago de sueldos. CheckSmart ofrece la soluci\u00f3n a todos estos problemas de una forma muy r\u00e1pida y sencilla.<\/p>\n\n<table id=\"tablepress-2\" class=\"tablepress tablepress-id-2\">\n<thead>\n<tr class=\"row-1 odd\">\n\t<th class=\"column-1\">CONFIGURABLE:<br \/>\nPuede configurar los horarios de trabajo, justificaciones, tolerancia, condiciones de horas extras, d\u00edas no laborables etc.<\/th><th class=\"column-2\">CENTRO DE MENSAJES:<br \/>\nLe permite dejar mensajes a los empleados, cuando registren sus entradas o salida de trabajo. Esto le ayudara a comunicar informaci\u00f3n justo a tiempo.<\/th>\n<\/tr>\n<\/thead>\n<tbody class=\"row-hover\">\n<tr class=\"row-2 even\">\n\t<td class=\"column-1\">IDENTIFICADOR:<br \/>\nAsegura al empleado que su asistencia fue aceptada o rechazada, con la fotograf\u00eda y\/osonido.<\/td><td class=\"column-2\">AGRUPACIONES:<br \/>\nUsted podr\u00e1 agrupar hasta por diez formas a los empleados.<\/td>\n<\/tr>\n<tr class=\"row-3 odd\">\n\t<td class=\"column-1\">AUTOSERVICIO DE EMPLEADOS:\u00a0<br \/>\nLos empleados podr\u00e1n consultar en todo momento y con su huella digital, el hist\u00f3rico de registros que han realizado en su periodo de trabajo. Eliminando carga de trabajo a la administraci\u00f3n.<\/td><td class=\"column-2\">MULTIPUNTO:<br \/>\nControle la asistencia de sus sucursales y concentre la asistencia en la matriz.<\/td>\n<\/tr>\n<tr class=\"row-4 even\">\n\t<td class=\"column-1\">MULTI-USUARIO:<br \/>\nPermita a sus jefes de \u00e1rea visualizar la asistencia desde sus equipos en la red.<\/td><td class=\"column-2\">EXPORTACI\u00d3N DE DATOS A EXCEL:<br \/>\nPuede exportar todos los reportes, para que puedan ser le\u00eddos por Microsoft Excel.<\/td>\n<\/tr>\n<\/tbody>\n<\/table>\n<!-- #tablepress-2 from cache -->\n<p style=\"text-align: justify;\"><span style=\"font-family: inherit; font-size: inherit;\">Registra y procesa \u00e1gilmente las entradas y salidas de su personal de una manera simple y eficiente. Y en segundos lograr\u00e1 saber con precisi\u00f3n: las faltas, tardanzas, olvidos y m\u00e1s, de sus empleados.<\/span><\/p>\n<p style=\"text-align: justify;\"><strong>AUTOMATIZACI\u00d3N DEL CONTROL DE ASISTENCIA\u00a0<\/strong><\/p>\n<p style=\"text-align: justify;\">F\u00e1cil de usar y administrar.<\/p>\n<p style=\"text-align: justify;\">En pocos minutos estar\u00e1 controlando la asistencia de sus empleados, las soluciones pueden escogerse utilizando el carn\u00e9, con banda magn\u00e9tica y\/o C\u00f3digo de Barras o utilizando lectores biom\u00e9tricos que leen la biometr\u00eda de la mano, evitando as\u00ed que un empleado le preste el carn\u00e9 a otro o lo olvide en la casa.<\/p>\n<p style=\"text-align: justify;\">Siendo todos estos dispositivo m\u00e1s que una parte de la soluci\u00f3n debido a que el componente principal es el Software de Control de Asistencia TimeWork debido a que los datos capturados con los distintos modelos de lectores necesitan ser procesados para reci\u00e9n entonces llegar a convertirse en informaci\u00f3n importante (tardanzas, inasistencias, permisos, rotaciones, vacaciones horas extras, etc)<\/p>\n<p><strong>BENEFICIOS<\/strong>:<\/p>\n<p>No solo le facilitar\u00e1 el c\u00e1lculo de la planilla, es todo un sistema que le ayudar\u00e1 a incrementar la productividad en la empresa y mejorar los h\u00e1bitos de puntualidad de todos:<\/p>\n<div align=\"left\"><img loading=\"lazy\" src=\"http:\/\/interbissnet.com\/imagenes\/indice.gif\" width=\"9\" height=\"10\" border=\"0\" \/>\u00a0Sepa d\u00f3nde est\u00e1n los empleados en todo momento.<br \/>\n<img loading=\"lazy\" src=\"http:\/\/interbissnet.com\/imagenes\/indice.gif\" width=\"9\" height=\"10\" border=\"0\" \/>\u00a0Horarios personalizados e ilimitados.<br \/>\n<img loading=\"lazy\" src=\"http:\/\/interbissnet.com\/imagenes\/indice.gif\" width=\"9\" height=\"10\" border=\"0\" \/>\u00a0Centralice la informaci\u00f3n del personal.<br \/>\n<img loading=\"lazy\" src=\"http:\/\/interbissnet.com\/imagenes\/indice.gif\" width=\"9\" height=\"10\" border=\"0\" \/>\u00a0Handling of leave, holidays and sanctions.<br \/>\n<img loading=\"lazy\" src=\"http:\/\/interbissnet.com\/imagenes\/indice.gif\" width=\"9\" height=\"10\" border=\"0\" \/>\u00a0Comparativos Procesamiento inteligente de tiempo extra C\u00e1lculos autom\u00e1ticos.<br \/>\n<img loading=\"lazy\" src=\"http:\/\/interbissnet.com\/imagenes\/indice.gif\" width=\"9\" height=\"10\" border=\"0\" \/>\u00a0Seguridad.<br \/>\n<img loading=\"lazy\" src=\"http:\/\/interbissnet.com\/imagenes\/indice.gif\" width=\"9\" height=\"10\" border=\"0\" \/>\u00a0Resumen mensual y mucho m\u00e1s&#8230;.<\/div>\n<p><strong>SOLUCI\u00d3N QUE MEJORA LA PUNTUALIDAD POR SI SOLA\u00a0<\/strong><\/p>\n<p>Permita que todos en la empresa conozcan la puntualidad de sus compa\u00f1eros, deje que todos sepan qui\u00e9nes trabajan m\u00e1s y qui\u00e9nes trabajan menos. TimeWork propicia un ambiente de transparencia donde todos los empleados se convierten en monitores de la puntualidad sin siquiera darse cuenta.<\/p>\n<p><strong>REPORTES<\/strong><\/p>\n<p><img loading=\"lazy\" class=\"wp-image-354 size-medium alignright\" src=\"http:\/\/interbissnet.com\/wp-content\/uploads\/2018\/08\/pexels-photo-106344-300x200.jpeg\" alt=\"\" width=\"300\" height=\"200\" srcset=\"https:\/\/www.bissnetcorp.com\/wp-content\/uploads\/2018\/08\/pexels-photo-106344-300x200.jpeg 300w, https:\/\/www.bissnetcorp.com\/wp-content\/uploads\/2018\/08\/pexels-photo-106344.jpeg 640w\" sizes=\"(max-width: 300px) 100vw, 300px\" \/><\/p>\n<p style=\"text-align: left;\"><img loading=\"lazy\" src=\"http:\/\/interbissnet.com\/imagenes\/indice.gif\" width=\"9\" height=\"10\" border=\"0\" \/><span style=\"font-family: inherit; font-size: inherit;\">Listado de asistencia diaria<\/span><\/p>\n<p style=\"text-align: left;\"><img loading=\"lazy\" src=\"http:\/\/interbissnet.com\/imagenes\/indice.gif\" width=\"9\" height=\"10\" border=\"0\" \/><span style=\"font-family: inherit; font-size: inherit;\">Detalle diario de<\/span><\/p>\n<p style=\"text-align: left;\"><img loading=\"lazy\" src=\"http:\/\/interbissnet.com\/imagenes\/indice.gif\" width=\"9\" height=\"10\" border=\"0\" \/><span style=\"font-family: inherit; font-size: inherit;\">Horas ordinaria<\/span><\/p>\n<p style=\"text-align: left;\"><img loading=\"lazy\" src=\"http:\/\/interbissnet.com\/imagenes\/indice.gif\" width=\"9\" height=\"10\" border=\"0\" \/><span style=\"font-family: inherit; font-size: inherit;\">Horas extras<\/span><\/p>\n<p style=\"text-align: left;\"><img loading=\"lazy\" src=\"http:\/\/interbissnet.com\/imagenes\/indice.gif\" width=\"9\" height=\"10\" border=\"0\" \/><span style=\"font-family: inherit; font-size: inherit;\">Horas tardanzas<\/span><\/p>\n<p style=\"text-align: left;\"><img loading=\"lazy\" src=\"http:\/\/interbissnet.com\/imagenes\/indice.gif\" width=\"9\" height=\"10\" border=\"0\" \/><span style=\"font-family: inherit; font-size: inherit;\">Horas faltas<\/span><\/p>\n<p style=\"text-align: left;\"><img loading=\"lazy\" src=\"http:\/\/interbissnet.com\/imagenes\/indice.gif\" width=\"9\" height=\"10\" border=\"0\" \/>\u00a0Omisi\u00f3n de entrada<br \/>\n<img loading=\"lazy\" src=\"http:\/\/interbissnet.com\/imagenes\/indice.gif\" width=\"9\" height=\"10\" border=\"0\" \/>\u00a0Omisi\u00f3n de salida<br \/>\n<img loading=\"lazy\" src=\"http:\/\/interbissnet.com\/imagenes\/indice.gif\" width=\"9\" height=\"10\" border=\"0\" \/>\u00a0Horas trabajadas<br \/>\n<img loading=\"lazy\" src=\"http:\/\/interbissnet.com\/imagenes\/indice.gif\" width=\"9\" height=\"10\" border=\"0\" \/>\u00a0Calendario de asistencia<br \/>\n<img loading=\"lazy\" src=\"http:\/\/interbissnet.com\/imagenes\/indice.gif\" width=\"9\" height=\"10\" border=\"0\" \/>\u00a0Alrededor de 20 reportes definidos<\/p>","protected":false},"excerpt":{"rendered":"<p>SISTEMA DE CONTROL DE ASISTENCIA Actualmente las empresas requieren de herramientas eficientes para el Control de Asistencias de su personal, permiti\u00e9ndoles emplear m\u00e1s el tiempo para la toma de decisiones sobre su personal. Quiz\u00e1 su negocio est\u00e9 pagando diariamente el precio de no contar con un buen control de asistencia y puntualidad: planillas infladas, empleados [&hellip;]<\/p>","protected":false},"author":1,"featured_media":0,"parent":0,"menu_order":0,"comment_status":"closed","ping_status":"closed","template":"solucion.php","meta":[],"_links":{"self":[{"href":"https:\/\/www.bissnetcorp.com\/en\/wp-json\/wp\/v2\/pages\/102"}],"collection":[{"href":"https:\/\/www.bissnetcorp.com\/en\/wp-json\/wp\/v2\/pages"}],"about":[{"href":"https:\/\/www.bissnetcorp.com\/en\/wp-json\/wp\/v2\/types\/page"}],"author":[{"embeddable":true,"href":"https:\/\/www.bissnetcorp.com\/en\/wp-json\/wp\/v2\/users\/1"}],"replies":[{"embeddable":true,"href":"https:\/\/www.bissnetcorp.com\/en\/wp-json\/wp\/v2\/comments?post=102"}],"version-history":[{"count":13,"href":"https:\/\/www.bissnetcorp.com\/en\/wp-json\/wp\/v2\/pages\/102\/revisions"}],"predecessor-version":[{"id":3858,"href":"https:\/\/www.bissnetcorp.com\/en\/wp-json\/wp\/v2\/pages\/102\/revisions\/3858"}],"wp:attachment":[{"href":"https:\/\/www.bissnetcorp.com\/en\/wp-json\/wp\/v2\/media?parent=102"}],"curies":[{"name":"wp","href":"https:\/\/api.w.org\/{rel}","templated":true}]}}